{"id":5920,"date":"2025-01-08T16:48:18","date_gmt":"2025-01-08T19:48:18","guid":{"rendered":"https:\/\/bangtannow.com\/bangtan-now-no-telegram\/"},"modified":"2025-04-23T14:07:40","modified_gmt":"2025-04-23T17:07:40","slug":"bangtan-now-no-telegram","status":"publish","type":"page","link":"https:\/\/bangtannow.com\/es\/bangtan-now-no-telegram\/","title":{"rendered":"Bangtan Now en Telegram"},"content":{"rendered":"\n<p><\/p>\n\n\n\n<div class=\"wp-block-uagb-container uagb-layout-grid uagb-block-2298e2b8 alignfull uagb-is-root-container\">\n<h1 class=\"wp-block-heading has-text-align-center has-ast-global-color-4-color has-text-color has-link-color wp-elements-eae4c62ef0d8c313d79813d9380c948f\">Bangtan Now en Telegram<\/h1>\n<\/div>\n\n\n\n<p><\/p>\n\n\n\n<p>Si eres ARMY y quieres enterarte de todas las novedades de BTS en tiempo real, \u00a1nuestro <a href=\"https:\/\/t.me\/bangtannow\" target=\"_blank\" rel=\"noreferrer noopener\">Canal de Telegram<\/a> es el lugar ideal para ti!<\/p>\n\n\n\n<p>All\u00ed publicamos todas las noticias m\u00e1s importantes y actualizaciones sobre los chicos en cuanto ocurren. No importa si es un anuncio de comeback, fotos in\u00e9ditas o cualquier novedad \u2014 \u00a1ser\u00e1s el primero en saber!<\/p>\n\n\n\n<p>\u00a1Pero eso no es todo!<\/p>\n\n\n\n<p>Tambi\u00e9n traemos secciones divertidas, nost\u00e1lgicas y llenas de emoci\u00f3n.<\/p>\n\n\n\n<p>Recordamos momentos ic\u00f3nicos de BTS, compartimos curiosidades sobre la carrera de los miembros e interactuamos con contenidos que hacen latir m\u00e1s fuerte el coraz\u00f3n de cualquier ARMY.<\/p>\n\n\n\n<p>\u00bfY sabes qu\u00e9 lo hace a\u00fan m\u00e1s especial? \u00a1El <strong><a href=\"https:\/\/t.me\/chatbangtannow\" target=\"_blank\" rel=\"noreferrer noopener\">CHAT BANGTAN NOW<\/a><\/strong>! \ud83c\udf1f<\/p>\n\n\n\n<p>Nuestro chat es el espacio perfecto para conversar, hacer amistades y compartir el amor por BTS con otras ARMYs. Es un ambiente acogedor, lleno de energ\u00eda positiva y donde todos se entienden.<\/p>\n\n\n\n<p>Si quieres comentar sobre lanzamientos, teor\u00edas o simplemente tener un lugar para relajarte y re\u00edr, el <strong><a href=\"https:\/\/t.me\/chatbangtannow\" target=\"_blank\" rel=\"noreferrer noopener\">CHAT BANGTAN NOW<\/a><\/strong> ser\u00e1 tu nuevo hogar virtual.<\/p>\n\n\n\n<p>\u00a1Ven a ser parte de esta familia!<\/p>\n\n\n\n<p>Vamos a seguir cada paso de BTS, creando recuerdos y fortaleciendo este v\u00ednculo que solo las ARMYs entienden.<\/p>\n\n\n\n<p><\/p>\n\n\n\n<div class=\"wp-block-uagb-container uagb-block-e80f1b67 alignfull uagb-is-root-container\"><div class=\"uagb-container-inner-blocks-wrap\">\n<div class=\"wp-block-uagb-container uagb-block-23fca344\">\n<div class=\"wp-block-uagb-image aligncenter uagb-block-a54f3172 wp-block-uagb-image--layout-overlay wp-block-uagb-image--effect-zoomin wp-block-uagb-image--align-center\"><figure class=\"wp-block-uagb-image__figure\"><a class=\"\" href=\"https:\/\/t.me\/bangtannow\" target=\"\" rel=\"noopener\"><img decoding=\"async\" data-srcset=\"https:\/\/bangtannow.com\/wp-content\/uploads\/2025\/01\/Canal-de-Noticias-BANGTAN-NOW-300x300.png ,https:\/\/bangtannow.com\/wp-content\/uploads\/2025\/01\/Canal-de-Noticias-BANGTAN-NOW.png 780w, https:\/\/bangtannow.com\/wp-content\/uploads\/2025\/01\/Canal-de-Noticias-BANGTAN-NOW.png 360w\" data-sizes=\"(max-width: 480px) 150px\" data-src=\"https:\/\/bangtannow.com\/wp-content\/uploads\/2025\/01\/Canal-de-Noticias-BANGTAN-NOW-300x300.png\" alt=\"\" class=\"uag-image-1614 lazyload\" width=\"300\" height=\"300\" title=\"\" role=\"presentation\" src=\"data:image\/svg+xml;base64,PHN2ZyB3aWR0aD0iMSIgaGVpZ2h0PSIxIiB4bWxucz0iaHR0cDovL3d3dy53My5vcmcvMjAwMC9zdmciPjwvc3ZnPg==\" style=\"--smush-placeholder-width: 300px; --smush-placeholder-aspect-ratio: 300\/300;\" \/><\/a><div class=\"wp-block-uagb-image--layout-overlay__color-wrapper\"><\/div><div class=\"wp-block-uagb-image--layout-overlay__inner center-center\"><a class=\"wp-block-uagb-image--layout-overlay-link \" href=\"https:\/\/t.me\/bangtannow\" target=\"\" rel=\"noopener\"><\/a><figcaption class=\"uagb-image-caption\">Canal de Not\u00edcias<\/figcaption><\/div><\/figure><\/div>\n<\/div>\n\n\n\n<div class=\"wp-block-uagb-container uagb-block-b9cab54f\">\n<div class=\"wp-block-uagb-image uagb-block-c802238c wp-block-uagb-image--layout-overlay wp-block-uagb-image--effect-zoomin wp-block-uagb-image--align-none\"><figure class=\"wp-block-uagb-image__figure\"><a class=\"\" href=\"https:\/\/t.me\/chatbangtannow\" target=\"\" rel=\"noopener\"><img decoding=\"async\" data-srcset=\"https:\/\/bangtannow.com\/wp-content\/uploads\/2025\/01\/Chat-Bangtan-Now-300x300.png ,https:\/\/bangtannow.com\/wp-content\/uploads\/2025\/01\/Chat-Bangtan-Now.png 780w, https:\/\/bangtannow.com\/wp-content\/uploads\/2025\/01\/Chat-Bangtan-Now.png 360w\" data-sizes=\"(max-width: 480px) 150px\" data-src=\"https:\/\/bangtannow.com\/wp-content\/uploads\/2025\/01\/Chat-Bangtan-Now-300x300.png\" alt=\"\" class=\"uag-image-1617 lazyload\" width=\"300\" height=\"300\" title=\"\" role=\"presentation\" src=\"data:image\/svg+xml;base64,PHN2ZyB3aWR0aD0iMSIgaGVpZ2h0PSIxIiB4bWxucz0iaHR0cDovL3d3dy53My5vcmcvMjAwMC9zdmciPjwvc3ZnPg==\" style=\"--smush-placeholder-width: 300px; --smush-placeholder-aspect-ratio: 300\/300;\" \/><\/a><div class=\"wp-block-uagb-image--layout-overlay__color-wrapper\"><\/div><div class=\"wp-block-uagb-image--layout-overlay__inner center-center\"><a class=\"wp-block-uagb-image--layout-overlay-link \" href=\"https:\/\/t.me\/chatbangtannow\" target=\"\" rel=\"noopener\"><\/a><figcaption class=\"uagb-image-caption\">Chat Bangtan Now<\/figcaption><\/div><\/figure><\/div>\n<\/div>\n<\/div><\/div>\n\n\n\n<p><\/p>\n","protected":false},"excerpt":{"rendered":"<p>Bangtan Now en Telegram Si eres ARMY y quieres enterarte de todas las novedades de BTS en tiempo real, \u00a1nuestro [&hellip;]<\/p>\n","protected":false},"author":1,"featured_media":5420,"parent":0,"menu_order":0,"comment_status":"closed","ping_status":"closed","template":"","meta":{"_uag_custom_page_level_css":"","site-sidebar-layout":"default","site-content-layout":"","ast-site-content-layout":"default","site-content-style":"default","site-sidebar-style":"default","ast-global-header-display":"","ast-banner-title-visibility":"","ast-main-header-display":"","ast-hfb-above-header-display":"","ast-hfb-below-header-display":"","ast-hfb-mobile-header-display":"","site-post-title":"disabled","ast-breadcrumbs-content":"","ast-featured-img":"","footer-sml-layout":"","theme-transparent-header-meta":"","adv-header-id-meta":"","stick-header-meta":"","header-above-stick-meta":"","header-main-stick-meta":"","header-below-stick-meta":"","astra-migrate-meta-layouts":"set","ast-page-background-enabled":"default","ast-page-background-meta":{"desktop":{"background-color":"","background-image":"","background-repeat":"repeat","background-position":"center center","background-size":"auto","background-attachment":"scroll","background-type":"","background-media":"","overlay-type":"","overlay-color":"","overlay-opacity":"","overlay-gradient":""},"tablet":{"background-color":"","background-image":"","background-repeat":"repeat","background-position":"center center","background-size":"auto","background-attachment":"scroll","background-type":"","background-media":"","overlay-type":"","overlay-color":"","overlay-opacity":"","overlay-gradient":""},"mobile":{"background-color":"","background-image":"","background-repeat":"repeat","background-position":"center center","background-size":"auto","background-attachment":"scroll","background-type":"","background-media":"","overlay-type":"","overlay-color":"","overlay-opacity":"","overlay-gradient":""}},"ast-content-background-meta":{"desktop":{"background-color":"var(--ast-global-color-5)","background-image":"","background-repeat":"repeat","background-position":"center center","background-size":"auto","background-attachment":"scroll","background-type":"","background-media":"","overlay-type":"","overlay-color":"","overlay-opacity":"","overlay-gradient":""},"tablet":{"background-color":"var(--ast-global-color-5)","background-image":"","background-repeat":"repeat","background-position":"center center","background-size":"auto","background-attachment":"scroll","background-type":"","background-media":"","overlay-type":"","overlay-color":"","overlay-opacity":"","overlay-gradient":""},"mobile":{"background-color":"var(--ast-global-color-5)","background-image":"","background-repeat":"repeat","background-position":"center center","background-size":"auto","background-attachment":"scroll","background-type":"","background-media":"","overlay-type":"","overlay-color":"","overlay-opacity":"","overlay-gradient":""}},"footnotes":""},"class_list":["post-5920","page","type-page","status-publish","has-post-thumbnail","hentry"],"uagb_featured_image_src":{"full":["https:\/\/bangtannow.com\/wp-content\/uploads\/2025\/01\/BANGTAN-NOW-NO-TELEGRAM.jpg",1400,788,false],"thumbnail":["https:\/\/bangtannow.com\/wp-content\/uploads\/2025\/01\/BANGTAN-NOW-NO-TELEGRAM-150x150.jpg",150,150,true],"medium":["https:\/\/bangtannow.com\/wp-content\/uploads\/2025\/01\/BANGTAN-NOW-NO-TELEGRAM-300x169.jpg",300,169,true],"medium_large":["https:\/\/bangtannow.com\/wp-content\/uploads\/2025\/01\/BANGTAN-NOW-NO-TELEGRAM-768x432.jpg",768,432,true],"large":["https:\/\/bangtannow.com\/wp-content\/uploads\/2025\/01\/BANGTAN-NOW-NO-TELEGRAM-1024x576.jpg",1024,576,true],"1536x1536":["https:\/\/bangtannow.com\/wp-content\/uploads\/2025\/01\/BANGTAN-NOW-NO-TELEGRAM.jpg",1400,788,false],"2048x2048":["https:\/\/bangtannow.com\/wp-content\/uploads\/2025\/01\/BANGTAN-NOW-NO-TELEGRAM.jpg",1400,788,false]},"uagb_author_info":{"display_name":"Vic Passini","author_link":"https:\/\/bangtannow.com\/es\/author\/vicksjrpgmail-com\/"},"uagb_comment_info":0,"uagb_excerpt":"Bangtan Now en Telegram Si eres ARMY y quieres enterarte de todas las novedades de BTS en tiempo real, \u00a1nuestro [&hellip;]","_links":{"self":[{"href":"https:\/\/bangtannow.com\/es\/wp-json\/wp\/v2\/pages\/5920","targetHints":{"allow":["GET"]}}],"collection":[{"href":"https:\/\/bangtannow.com\/es\/wp-json\/wp\/v2\/pages"}],"about":[{"href":"https:\/\/bangtannow.com\/es\/wp-json\/wp\/v2\/types\/page"}],"author":[{"embeddable":true,"href":"https:\/\/bangtannow.com\/es\/wp-json\/wp\/v2\/users\/1"}],"replies":[{"embeddable":true,"href":"https:\/\/bangtannow.com\/es\/wp-json\/wp\/v2\/comments?post=5920"}],"version-history":[{"count":2,"href":"https:\/\/bangtannow.com\/es\/wp-json\/wp\/v2\/pages\/5920\/revisions"}],"predecessor-version":[{"id":5927,"href":"https:\/\/bangtannow.com\/es\/wp-json\/wp\/v2\/pages\/5920\/revisions\/5927"}],"wp:featuredmedia":[{"embeddable":true,"href":"https:\/\/bangtannow.com\/es\/wp-json\/wp\/v2\/media\/5420"}],"wp:attachment":[{"href":"https:\/\/bangtannow.com\/es\/wp-json\/wp\/v2\/media?parent=5920"}],"curies":[{"name":"wp","href":"https:\/\/api.w.org\/{rel}","templated":true}]}}