{"id":6131,"date":"2025-01-08T08:56:18","date_gmt":"2025-01-08T11:56:18","guid":{"rendered":"https:\/\/bangtannow.com\/perfil-dos-membros-bts\/"},"modified":"2025-05-11T19:43:03","modified_gmt":"2025-05-11T22:43:03","slug":"perfiles-de-los-miembros-de-bts","status":"publish","type":"page","link":"https:\/\/bangtannow.com\/es\/perfiles-de-los-miembros-de-bts\/","title":{"rendered":"Perfiles de los Miembros de BTS"},"content":{"rendered":"\n<div class=\"wp-block-uagb-container uagb-layout-grid uagb-block-2298e2b8 alignfull uagb-is-root-container\">\n<h1 class=\"wp-block-heading has-text-align-center has-ast-global-color-4-color has-text-color has-link-color wp-elements-a1879d9c649d2f5f26f98e57aa2b56ca\">Perfiles de los Miembros de BTS<\/h1>\n<\/div>\n\n\n\n<p><\/p>\n\n\n\n<p>En este espacio encontrar\u00e1s informaci\u00f3n detallada sobre cada miembro de BTS \u2014 desde sus roles en el grupo hasta curiosidades personales, trayectorias antes de la fama y momentos clave en sus carreras. Ya seas ARMY desde hace tiempo o est\u00e9s empezando a conocer al grupo, sum\u00e9rgete en los perfiles y descubre qu\u00e9 hace a cada miembro tan especial y esencial para el \u00e9xito de BTS.<\/p>\n\n\n\n<p>\u00a1Haz clic en los perfiles individuales para explorar m\u00e1s y enamorarte a\u00fan m\u00e1s de cada uno de ellos!<\/p>\n\n\n\n<div class=\"wp-block-uagb-container uagb-block-e80f1b67 alignfull uagb-is-root-container\"><div class=\"uagb-container-inner-blocks-wrap\">\n<div class=\"wp-block-uagb-container uagb-block-23fca344\">\n<div class=\"wp-block-uagb-image aligncenter uagb-block-a54f3172 wp-block-uagb-image--layout-overlay wp-block-uagb-image--effect-zoomin wp-block-uagb-image--align-center\"><figure class=\"wp-block-uagb-image__figure\"><a class=\"\" href=\"https:\/\/bangtannow.com\/perfil-kim-namjoon\/\" target=\"\" rel=\"noopener\"><img decoding=\"async\" data-srcset=\"https:\/\/bangtannow.com\/wp-content\/uploads\/2025\/01\/Kim-Namjoon-2-300x300.jpg ,https:\/\/bangtannow.com\/wp-content\/uploads\/2025\/01\/Kim-Namjoon-2.jpg 780w, https:\/\/bangtannow.com\/wp-content\/uploads\/2025\/01\/Kim-Namjoon-2.jpg 360w\" data-sizes=\"auto, (max-width: 480px) 150px\" data-src=\"https:\/\/bangtannow.com\/wp-content\/uploads\/2025\/01\/Kim-Namjoon-2-300x300.jpg\" alt=\"\" class=\"uag-image-1229 lazyload\" width=\"300\" height=\"300\" title=\"\" role=\"presentation\" src=\"data:image\/svg+xml;base64,PHN2ZyB3aWR0aD0iMSIgaGVpZ2h0PSIxIiB4bWxucz0iaHR0cDovL3d3dy53My5vcmcvMjAwMC9zdmciPjwvc3ZnPg==\" style=\"--smush-placeholder-width: 300px; --smush-placeholder-aspect-ratio: 300\/300;\" \/><\/a><div class=\"wp-block-uagb-image--layout-overlay__color-wrapper\"><\/div><div class=\"wp-block-uagb-image--layout-overlay__inner center-center\"><a class=\"wp-block-uagb-image--layout-overlay-link \" href=\"https:\/\/bangtannow.com\/perfil-kim-namjoon\/\" target=\"\" rel=\"noopener\"><\/a><h2 class=\"uagb-image-heading\"><a href=\"https:\/\/bangtannow.com\/es\/perfil-kim-namjoon\/\" data-type=\"link\" data-id=\"https:\/\/bangtannow.com\/es\/perfil-kim-namjoon\/\">RM<\/a><\/h2><figcaption class=\"uagb-image-caption\">Kim Namjoon<\/figcaption><\/div><\/figure><\/div>\n<\/div>\n\n\n\n<div class=\"wp-block-uagb-container uagb-block-b9cab54f\">\n<div class=\"wp-block-uagb-image aligncenter uagb-block-c802238c wp-block-uagb-image--layout-overlay wp-block-uagb-image--effect-zoomin wp-block-uagb-image--align-center\"><figure class=\"wp-block-uagb-image__figure\"><a class=\"\" href=\"https:\/\/bangtannow.com\/perfil-kim-seokjin\/\" target=\"\" rel=\"noopener\"><img decoding=\"async\" data-srcset=\"https:\/\/bangtannow.com\/wp-content\/uploads\/2025\/01\/Kim-Seokjin-1-300x300.jpg ,https:\/\/bangtannow.com\/wp-content\/uploads\/2025\/01\/Kim-Seokjin-1.jpg 780w, https:\/\/bangtannow.com\/wp-content\/uploads\/2025\/01\/Kim-Seokjin-1.jpg 360w\" data-sizes=\"auto, (max-width: 480px) 150px\" data-src=\"https:\/\/bangtannow.com\/wp-content\/uploads\/2025\/01\/Kim-Seokjin-1-300x300.jpg\" alt=\"\" class=\"uag-image-1235 lazyload\" width=\"300\" height=\"300\" title=\"\" role=\"presentation\" src=\"data:image\/svg+xml;base64,PHN2ZyB3aWR0aD0iMSIgaGVpZ2h0PSIxIiB4bWxucz0iaHR0cDovL3d3dy53My5vcmcvMjAwMC9zdmciPjwvc3ZnPg==\" style=\"--smush-placeholder-width: 300px; --smush-placeholder-aspect-ratio: 300\/300;\" \/><\/a><div class=\"wp-block-uagb-image--layout-overlay__color-wrapper\"><\/div><div class=\"wp-block-uagb-image--layout-overlay__inner center-center\"><a class=\"wp-block-uagb-image--layout-overlay-link \" href=\"https:\/\/bangtannow.com\/perfil-kim-seokjin\/\" target=\"\" rel=\"noopener\"><\/a><h2 class=\"uagb-image-heading\"><a href=\"https:\/\/bangtannow.com\/perfil-kim-seokjin\/\" data-type=\"link\" data-id=\"https:\/\/bangtannow.com\/perfil-kim-seokjin\/\">Jin<\/a><\/h2><figcaption class=\"uagb-image-caption\">Kim Seokjin<\/figcaption><\/div><\/figure><\/div>\n<\/div>\n\n\n\n<div class=\"wp-block-uagb-container uagb-block-d7cc6be6\">\n<div class=\"wp-block-uagb-image aligncenter uagb-block-6dc72ec7 wp-block-uagb-image--layout-overlay wp-block-uagb-image--effect-zoomin wp-block-uagb-image--align-center\"><figure class=\"wp-block-uagb-image__figure\"><a class=\"\" href=\"https:\/\/bangtannow.com\/perfil-min-yoongi\/\" target=\"\" rel=\"noopener\"><img decoding=\"async\" data-srcset=\"https:\/\/bangtannow.com\/wp-content\/uploads\/2025\/01\/Min-Yoongi-1024x1024.jpg ,https:\/\/bangtannow.com\/wp-content\/uploads\/2025\/01\/Min-Yoongi.jpg 780w, https:\/\/bangtannow.com\/wp-content\/uploads\/2025\/01\/Min-Yoongi.jpg 360w\" data-sizes=\"auto, (max-width: 480px) 150px\" data-src=\"https:\/\/bangtannow.com\/wp-content\/uploads\/2025\/01\/Min-Yoongi-1024x1024.jpg\" alt=\"\" class=\"uag-image-1240 lazyload\" width=\"300\" height=\"300\" title=\"\" role=\"presentation\" src=\"data:image\/svg+xml;base64,PHN2ZyB3aWR0aD0iMSIgaGVpZ2h0PSIxIiB4bWxucz0iaHR0cDovL3d3dy53My5vcmcvMjAwMC9zdmciPjwvc3ZnPg==\" style=\"--smush-placeholder-width: 300px; --smush-placeholder-aspect-ratio: 300\/300;\" \/><\/a><div class=\"wp-block-uagb-image--layout-overlay__color-wrapper\"><\/div><div class=\"wp-block-uagb-image--layout-overlay__inner center-center\"><a class=\"wp-block-uagb-image--layout-overlay-link \" href=\"https:\/\/bangtannow.com\/perfil-min-yoongi\/\" target=\"\" rel=\"noopener\"><\/a><h2 class=\"uagb-image-heading\"><a href=\"https:\/\/bangtannow.com\/perfil-min-yoongi\/\" data-type=\"link\" data-id=\"https:\/\/bangtannow.com\/perfil-min-yoongi\/\">Suga<\/a><\/h2><figcaption class=\"uagb-image-caption\">Min Yoongi<\/figcaption><\/div><\/figure><\/div>\n<\/div>\n<\/div><\/div>\n\n\n\n<div class=\"wp-block-uagb-container uagb-block-06987d27 alignfull uagb-is-root-container\"><div class=\"uagb-container-inner-blocks-wrap\">\n<div class=\"wp-block-uagb-container uagb-block-6b4b62d3\">\n<div class=\"wp-block-uagb-image aligncenter uagb-block-f3993656 wp-block-uagb-image--layout-overlay wp-block-uagb-image--effect-zoomin wp-block-uagb-image--align-center\"><figure class=\"wp-block-uagb-image__figure\"><a class=\"\" href=\"https:\/\/bangtannow.com\/perfil-jung-hoseok\/\" target=\"\" rel=\"noopener\"><img decoding=\"async\" data-srcset=\"https:\/\/bangtannow.com\/wp-content\/uploads\/2025\/01\/Jung-Hoseok-300x300.jpg ,https:\/\/bangtannow.com\/wp-content\/uploads\/2025\/01\/Jung-Hoseok.jpg 780w, https:\/\/bangtannow.com\/wp-content\/uploads\/2025\/01\/Jung-Hoseok.jpg 360w\" data-sizes=\"auto, (max-width: 480px) 150px\" data-src=\"https:\/\/bangtannow.com\/wp-content\/uploads\/2025\/01\/Jung-Hoseok-300x300.jpg\" alt=\"\" class=\"uag-image-1251 lazyload\" width=\"300\" height=\"300\" title=\"\" role=\"presentation\" src=\"data:image\/svg+xml;base64,PHN2ZyB3aWR0aD0iMSIgaGVpZ2h0PSIxIiB4bWxucz0iaHR0cDovL3d3dy53My5vcmcvMjAwMC9zdmciPjwvc3ZnPg==\" style=\"--smush-placeholder-width: 300px; --smush-placeholder-aspect-ratio: 300\/300;\" \/><\/a><div class=\"wp-block-uagb-image--layout-overlay__color-wrapper\"><\/div><div class=\"wp-block-uagb-image--layout-overlay__inner center-center\"><a class=\"wp-block-uagb-image--layout-overlay-link \" href=\"https:\/\/bangtannow.com\/perfil-jung-hoseok\/\" target=\"\" rel=\"noopener\"><\/a><h2 class=\"uagb-image-heading\"><a href=\"https:\/\/bangtannow.com\/es\/perfil-jung-hoseok\/\" data-type=\"link\" data-id=\"https:\/\/bangtannow.com\/es\/perfil-jung-hoseok\/\">J-hope<\/a><\/h2><figcaption class=\"uagb-image-caption\">Jung Hoseok<\/figcaption><\/div><\/figure><\/div>\n<\/div>\n\n\n\n<div class=\"wp-block-uagb-container uagb-block-8777d63f\">\n<div class=\"wp-block-uagb-image aligncenter uagb-block-912bf54a wp-block-uagb-image--layout-overlay wp-block-uagb-image--effect-zoomin wp-block-uagb-image--align-center\"><figure class=\"wp-block-uagb-image__figure\"><a class=\"\" href=\"https:\/\/bangtannow.com\/perfil-park-jimin\/\" target=\"\" rel=\"noopener\"><img decoding=\"async\" data-srcset=\"https:\/\/bangtannow.com\/wp-content\/uploads\/2025\/01\/Park-Jimin-300x300.jpg ,https:\/\/bangtannow.com\/wp-content\/uploads\/2025\/01\/Park-Jimin.jpg 780w, https:\/\/bangtannow.com\/wp-content\/uploads\/2025\/01\/Park-Jimin.jpg 360w\" data-sizes=\"auto, (max-width: 480px) 150px\" data-src=\"https:\/\/bangtannow.com\/wp-content\/uploads\/2025\/01\/Park-Jimin-300x300.jpg\" alt=\"\" class=\"uag-image-1254 lazyload\" width=\"300\" height=\"300\" title=\"\" role=\"presentation\" src=\"data:image\/svg+xml;base64,PHN2ZyB3aWR0aD0iMSIgaGVpZ2h0PSIxIiB4bWxucz0iaHR0cDovL3d3dy53My5vcmcvMjAwMC9zdmciPjwvc3ZnPg==\" style=\"--smush-placeholder-width: 300px; --smush-placeholder-aspect-ratio: 300\/300;\" \/><\/a><div class=\"wp-block-uagb-image--layout-overlay__color-wrapper\"><\/div><div class=\"wp-block-uagb-image--layout-overlay__inner center-center\"><a class=\"wp-block-uagb-image--layout-overlay-link \" href=\"https:\/\/bangtannow.com\/perfil-park-jimin\/\" target=\"\" rel=\"noopener\"><\/a><h2 class=\"uagb-image-heading\"><a href=\"https:\/\/bangtannow.com\/perfil-park-jimin\/\" data-type=\"link\" data-id=\"https:\/\/bangtannow.com\/perfil-park-jimin\/\">Jimin<\/a><\/h2><figcaption class=\"uagb-image-caption\">Park Jimin<\/figcaption><\/div><\/figure><\/div>\n<\/div>\n\n\n\n<div class=\"wp-block-uagb-container uagb-block-575c8762\">\n<div class=\"wp-block-uagb-image aligncenter uagb-block-afe38f77 wp-block-uagb-image--layout-overlay wp-block-uagb-image--effect-zoomin wp-block-uagb-image--align-center\"><figure class=\"wp-block-uagb-image__figure\"><a class=\"\" href=\"https:\/\/bangtannow.com\/perfil-kim-taehyung\/\" target=\"\" rel=\"noopener\"><img decoding=\"async\" data-srcset=\"https:\/\/bangtannow.com\/wp-content\/uploads\/2025\/01\/Kim-Taehyung-300x300.jpg ,https:\/\/bangtannow.com\/wp-content\/uploads\/2025\/01\/Kim-Taehyung.jpg 780w, https:\/\/bangtannow.com\/wp-content\/uploads\/2025\/01\/Kim-Taehyung.jpg 360w\" data-sizes=\"auto, (max-width: 480px) 150px\" data-src=\"https:\/\/bangtannow.com\/wp-content\/uploads\/2025\/01\/Kim-Taehyung-300x300.jpg\" alt=\"\" class=\"uag-image-1257 lazyload\" width=\"300\" height=\"300\" title=\"\" role=\"presentation\" src=\"data:image\/svg+xml;base64,PHN2ZyB3aWR0aD0iMSIgaGVpZ2h0PSIxIiB4bWxucz0iaHR0cDovL3d3dy53My5vcmcvMjAwMC9zdmciPjwvc3ZnPg==\" style=\"--smush-placeholder-width: 300px; --smush-placeholder-aspect-ratio: 300\/300;\" \/><\/a><div class=\"wp-block-uagb-image--layout-overlay__color-wrapper\"><\/div><div class=\"wp-block-uagb-image--layout-overlay__inner center-center\"><a class=\"wp-block-uagb-image--layout-overlay-link \" href=\"https:\/\/bangtannow.com\/perfil-kim-taehyung\/\" target=\"\" rel=\"noopener\"><\/a><h2 class=\"uagb-image-heading\"><a href=\"https:\/\/bangtannow.com\/perfil-kim-taehyung\/\" data-type=\"link\" data-id=\"https:\/\/bangtannow.com\/perfil-kim-taehyung\/\">V<\/a><\/h2><figcaption class=\"uagb-image-caption\">Kim Taehyung<\/figcaption><\/div><\/figure><\/div>\n<\/div>\n\n\n\n<div class=\"wp-block-uagb-container uagb-block-75c7592f\">\n<div class=\"wp-block-uagb-image aligncenter uagb-block-b53fb25f wp-block-uagb-image--layout-overlay wp-block-uagb-image--effect-zoomin wp-block-uagb-image--align-center\"><figure class=\"wp-block-uagb-image__figure\"><a class=\"\" href=\"https:\/\/bangtannow.com\/perfil-jeon-jungkook\/\" target=\"\" rel=\"noopener\"><img decoding=\"async\" data-srcset=\"https:\/\/bangtannow.com\/wp-content\/uploads\/2025\/01\/Jeon-Jungkook-300x300.jpg ,https:\/\/bangtannow.com\/wp-content\/uploads\/2025\/01\/Jeon-Jungkook.jpg 780w, https:\/\/bangtannow.com\/wp-content\/uploads\/2025\/01\/Jeon-Jungkook.jpg 360w\" data-sizes=\"auto, (max-width: 480px) 150px\" data-src=\"https:\/\/bangtannow.com\/wp-content\/uploads\/2025\/01\/Jeon-Jungkook-300x300.jpg\" alt=\"\" class=\"uag-image-1258 lazyload\" width=\"300\" height=\"300\" title=\"\" role=\"presentation\" src=\"data:image\/svg+xml;base64,PHN2ZyB3aWR0aD0iMSIgaGVpZ2h0PSIxIiB4bWxucz0iaHR0cDovL3d3dy53My5vcmcvMjAwMC9zdmciPjwvc3ZnPg==\" style=\"--smush-placeholder-width: 300px; --smush-placeholder-aspect-ratio: 300\/300;\" \/><\/a><div class=\"wp-block-uagb-image--layout-overlay__color-wrapper\"><\/div><div class=\"wp-block-uagb-image--layout-overlay__inner center-center\"><a class=\"wp-block-uagb-image--layout-overlay-link \" href=\"https:\/\/bangtannow.com\/perfil-jeon-jungkook\/\" target=\"\" rel=\"noopener\"><\/a><h2 class=\"uagb-image-heading\"><a href=\"https:\/\/bangtannow.com\/es\/perfil-jeon-jungkook\/\" data-type=\"link\" data-id=\"https:\/\/bangtannow.com\/es\/perfil-jeon-jungkook\/\">Jungkook<\/a><\/h2><figcaption class=\"uagb-image-caption\">Jeon Jungkook<\/figcaption><\/div><\/figure><\/div>\n<\/div>\n\n\n\n<div class=\"wp-block-uagb-container uagb-block-caa8ee36\"><\/div>\n\n\n\n<div class=\"wp-block-uagb-container uagb-block-0d0c8003\"><\/div>\n<\/div><\/div>\n","protected":false},"excerpt":{"rendered":"<p>Perfiles de los Miembros de BTS En este espacio encontrar\u00e1s informaci\u00f3n detallada sobre cada miembro de BTS \u2014 desde sus [&hellip;]<\/p>\n","protected":false},"author":1,"featured_media":0,"parent":0,"menu_order":0,"comment_status":"closed","ping_status":"closed","template":"","meta":{"_uag_custom_page_level_css":"","site-sidebar-layout":"default","site-content-layout":"","ast-site-content-layout":"default","site-content-style":"default","site-sidebar-style":"default","ast-global-header-display":"","ast-banner-title-visibility":"","ast-main-header-display":"","ast-hfb-above-header-display":"","ast-hfb-below-header-display":"","ast-hfb-mobile-header-display":"","site-post-title":"disabled","ast-breadcrumbs-content":"","ast-featured-img":"","footer-sml-layout":"","theme-transparent-header-meta":"","adv-header-id-meta":"","stick-header-meta":"","header-above-stick-meta":"","header-main-stick-meta":"","header-below-stick-meta":"","astra-migrate-meta-layouts":"set","ast-page-background-enabled":"default","ast-page-background-meta":{"desktop":{"background-color":"","background-image":"","background-repeat":"repeat","background-position":"center center","background-size":"auto","background-attachment":"scroll","background-type":"","background-media":"","overlay-type":"","overlay-color":"","overlay-opacity":"","overlay-gradient":""},"tablet":{"background-color":"","background-image":"","background-repeat":"repeat","background-position":"center center","background-size":"auto","background-attachment":"scroll","background-type":"","background-media":"","overlay-type":"","overlay-color":"","overlay-opacity":"","overlay-gradient":""},"mobile":{"background-color":"","background-image":"","background-repeat":"repeat","background-position":"center center","background-size":"auto","background-attachment":"scroll","background-type":"","background-media":"","overlay-type":"","overlay-color":"","overlay-opacity":"","overlay-gradient":""}},"ast-content-background-meta":{"desktop":{"background-color":"var(--ast-global-color-5)","background-image":"","background-repeat":"repeat","background-position":"center center","background-size":"auto","background-attachment":"scroll","background-type":"","background-media":"","overlay-type":"","overlay-color":"","overlay-opacity":"","overlay-gradient":""},"tablet":{"background-color":"var(--ast-global-color-5)","background-image":"","background-repeat":"repeat","background-position":"center center","background-size":"auto","background-attachment":"scroll","background-type":"","background-media":"","overlay-type":"","overlay-color":"","overlay-opacity":"","overlay-gradient":""},"mobile":{"background-color":"var(--ast-global-color-5)","background-image":"","background-repeat":"repeat","background-position":"center center","background-size":"auto","background-attachment":"scroll","background-type":"","background-media":"","overlay-type":"","overlay-color":"","overlay-opacity":"","overlay-gradient":""}},"footnotes":""},"class_list":["post-6131","page","type-page","status-publish","hentry"],"uagb_featured_image_src":{"full":false,"thumbnail":false,"medium":false,"medium_large":false,"large":false,"1536x1536":false,"2048x2048":false},"uagb_author_info":{"display_name":"Vic Passini","author_link":"https:\/\/bangtannow.com\/es\/author\/vicksjrpgmail-com\/"},"uagb_comment_info":0,"uagb_excerpt":"Perfiles de los Miembros de BTS En este espacio encontrar\u00e1s informaci\u00f3n detallada sobre cada miembro de BTS \u2014 desde sus [&hellip;]","_links":{"self":[{"href":"https:\/\/bangtannow.com\/es\/wp-json\/wp\/v2\/pages\/6131","targetHints":{"allow":["GET"]}}],"collection":[{"href":"https:\/\/bangtannow.com\/es\/wp-json\/wp\/v2\/pages"}],"about":[{"href":"https:\/\/bangtannow.com\/es\/wp-json\/wp\/v2\/types\/page"}],"author":[{"embeddable":true,"href":"https:\/\/bangtannow.com\/es\/wp-json\/wp\/v2\/users\/1"}],"replies":[{"embeddable":true,"href":"https:\/\/bangtannow.com\/es\/wp-json\/wp\/v2\/comments?post=6131"}],"version-history":[{"count":4,"href":"https:\/\/bangtannow.com\/es\/wp-json\/wp\/v2\/pages\/6131\/revisions"}],"predecessor-version":[{"id":6622,"href":"https:\/\/bangtannow.com\/es\/wp-json\/wp\/v2\/pages\/6131\/revisions\/6622"}],"wp:attachment":[{"href":"https:\/\/bangtannow.com\/es\/wp-json\/wp\/v2\/media?parent=6131"}],"curies":[{"name":"wp","href":"https:\/\/api.w.org\/{rel}","templated":true}]}}