{"id":6148,"date":"2025-01-07T17:38:15","date_gmt":"2025-01-07T20:38:15","guid":{"rendered":"https:\/\/bangtannow.com\/sobre-nos\/"},"modified":"2025-04-23T14:16:47","modified_gmt":"2025-04-23T17:16:47","slug":"sobre-nos","status":"publish","type":"page","link":"https:\/\/bangtannow.com\/es\/sobre-nos\/","title":{"rendered":"Sobre Nosotros"},"content":{"rendered":"\n<div class=\"wp-block-uagb-container uagb-layout-grid uagb-block-2298e2b8 alignfull uagb-is-root-container\">\n<h1 class=\"wp-block-heading has-text-align-center has-ast-global-color-4-color has-text-color has-link-color wp-elements-ad195226688f6fddd974baf1519dccd0\">Sobre Nosotros<\/h1>\n<\/div>\n\n\n\n<p><\/p>\n\n\n\n<div class=\"wp-block-uagb-container uagb-block-096fcd6d alignfull uagb-is-root-container\"><div class=\"uagb-container-inner-blocks-wrap\">\n<p>Conoce al Equipo de Bangtan Now \ud83d\udc9c \u2013 Versi\u00f3n 2025!<br><br>Si hay algo que une a este equipo, es el amor incondicional por BTS y la creencia de que el fandom solo es fuerte cuando es OT7 \u2014 sin excepciones.<br>Cada uno de nosotros aporta su personalidad \u00fanica, pero compartimos los mismos valores: confianza, uni\u00f3n y compromiso con lo correcto.<br><br>No toleramos la desinformaci\u00f3n ni las fake news, y siempre estamos listos para combatirlas con responsabilidad y verdad. \ud83d\ude4c<br><br>Nuestro equipo est\u00e1 formado por personas que no solo trabajan juntas, sino que realmente creen en lo que hacen. Ya sea creando contenidos hermosos, gestionando el chat, las redes sociales o simplemente dando lo mejor de s\u00ed para que todo funcione \u2014 Bangtan Now es una familia llena de amor por Bangtan \u2014 y por ARMY tambi\u00e9n. \ud83d\udc9c<br><br>Si eres nuevo aqu\u00ed, \u00a1bienvenido a nuestra burbuja llena de m\u00fasica, uni\u00f3n y, por supuesto, mucha diversi\u00f3n!<br><\/p>\n<\/div><\/div>\n\n\n\n<div class=\"wp-block-uagb-container uagb-block-029cadcc alignfull uagb-is-root-container\"><div class=\"uagb-container-inner-blocks-wrap\">\n<div class=\"wp-block-uagb-container uagb-block-8003b09e\"><\/div>\n\n\n\n<div class=\"wp-block-uagb-container uagb-block-185ceb82\">\n<figure class=\"wp-block-image size-large\"><img decoding=\"async\" width=\"1024\" height=\"1024\" data-src=\"https:\/\/bangtannow.com\/wp-content\/uploads\/2025\/02\/EQUIPE-BANGTAN-NOW-BTS-2-1024x1024.jpg\" alt=\"EQUIPE BANGTAN NOW BTS\" class=\"wp-image-3480 lazyload\" data-srcset=\"https:\/\/bangtannow.com\/wp-content\/uploads\/2025\/02\/EQUIPE-BANGTAN-NOW-BTS-2-1024x1024.jpg 1024w, https:\/\/bangtannow.com\/wp-content\/uploads\/2025\/02\/EQUIPE-BANGTAN-NOW-BTS-2-300x300.jpg 300w, https:\/\/bangtannow.com\/wp-content\/uploads\/2025\/02\/EQUIPE-BANGTAN-NOW-BTS-2-150x150.jpg 150w, https:\/\/bangtannow.com\/wp-content\/uploads\/2025\/02\/EQUIPE-BANGTAN-NOW-BTS-2-768x768.jpg 768w, https:\/\/bangtannow.com\/wp-content\/uploads\/2025\/02\/EQUIPE-BANGTAN-NOW-BTS-2.jpg 1080w\" data-sizes=\"(max-width: 1024px) 100vw, 1024px\" src=\"data:image\/svg+xml;base64,PHN2ZyB3aWR0aD0iMSIgaGVpZ2h0PSIxIiB4bWxucz0iaHR0cDovL3d3dy53My5vcmcvMjAwMC9zdmciPjwvc3ZnPg==\" style=\"--smush-placeholder-width: 1024px; --smush-placeholder-aspect-ratio: 1024\/1024;\" \/><\/figure>\n<\/div>\n\n\n\n<div class=\"wp-block-uagb-container uagb-block-fbebe66b\"><\/div>\n<\/div><\/div>\n\n\n\n<h2 class=\"wp-block-heading has-text-align-center\"><strong>Conoce al Equipo Detr\u00e1s de Bangtan Now<\/strong><\/h2>\n\n\n\n<div class=\"wp-block-uagb-container uagb-block-9db2106e alignfull uagb-is-root-container\"><div class=\"uagb-container-inner-blocks-wrap\">\n<div class=\"wp-block-uagb-container uagb-block-20f6b118\">\n<figure class=\"wp-block-image size-large\"><img decoding=\"async\" width=\"1024\" height=\"1024\" data-src=\"https:\/\/bangtannow.com\/wp-content\/uploads\/2025\/01\/Vic-BANGTAN-NOW-1024x1024.jpg\" alt=\"Vic BANGTAN NOW\" class=\"wp-image-1945 lazyload\" data-srcset=\"https:\/\/bangtannow.com\/wp-content\/uploads\/2025\/01\/Vic-BANGTAN-NOW-1024x1024.jpg 1024w, https:\/\/bangtannow.com\/wp-content\/uploads\/2025\/01\/Vic-BANGTAN-NOW-300x300.jpg 300w, https:\/\/bangtannow.com\/wp-content\/uploads\/2025\/01\/Vic-BANGTAN-NOW-150x150.jpg 150w, https:\/\/bangtannow.com\/wp-content\/uploads\/2025\/01\/Vic-BANGTAN-NOW-768x768.jpg 768w, https:\/\/bangtannow.com\/wp-content\/uploads\/2025\/01\/Vic-BANGTAN-NOW.jpg 1080w\" data-sizes=\"(max-width: 1024px) 100vw, 1024px\" src=\"data:image\/svg+xml;base64,PHN2ZyB3aWR0aD0iMSIgaGVpZ2h0PSIxIiB4bWxucz0iaHR0cDovL3d3dy53My5vcmcvMjAwMC9zdmciPjwvc3ZnPg==\" style=\"--smush-placeholder-width: 1024px; --smush-placeholder-aspect-ratio: 1024\/1024;\" \/><\/figure>\n<\/div>\n\n\n\n<div class=\"wp-block-uagb-container uagb-block-eb5e17ca\">\n<p><strong>Edad:<\/strong> 27 a\u00f1os<br><strong>Signo del zodiaco:<\/strong> Leo<br><strong>ARMY desde:<\/strong> 2024<br><strong>Utt:<\/strong> Jin e JK <em>(\u00a1y la mayor OT7 de todos los tiempos!)<\/em><br><strong>Line:<\/strong> Maknae Line, 97 Line<\/p>\n\n\n\n<p><strong>Funciones:<\/strong><\/p>\n\n\n\n<ul class=\"wp-block-list\">\n<li>Planificaci\u00f3n de contenido<\/li>\n\n\n\n<li>Publicaciones en el canal<\/li>\n\n\n\n<li>Gesti\u00f3n del sitio web<\/li>\n\n\n\n<li>Escritora en el blog<\/li>\n\n\n\n<li>Traductora y editora del canal de YouTube<\/li>\n<\/ul>\n<\/div>\n\n\n\n<div class=\"wp-block-uagb-container uagb-block-80ae364b\">\n<p><strong>Curiosidades:<\/strong><\/p>\n\n\n\n<ul class=\"wp-block-list\">\n<li>Adicta a hacer listas<\/li>\n\n\n\n<li>Nunca rechaza un chocolate \ud83c\udf6b<\/li>\n<\/ul>\n<\/div>\n<\/div><\/div>\n\n\n\n<div class=\"wp-block-uagb-container uagb-block-c9c56ba5 alignfull uagb-is-root-container\"><div class=\"uagb-container-inner-blocks-wrap\">\n<div class=\"wp-block-uagb-container uagb-block-5ffb436c\">\n<figure class=\"wp-block-image size-large\"><img decoding=\"async\" width=\"1024\" height=\"1024\" data-src=\"https:\/\/bangtannow.com\/wp-content\/uploads\/2025\/01\/Denny-BANGTAN-NOW-1024x1024.jpg\" alt=\"Denny BANGTAN NOW\" class=\"wp-image-1949 lazyload\" data-srcset=\"https:\/\/bangtannow.com\/wp-content\/uploads\/2025\/01\/Denny-BANGTAN-NOW-1024x1024.jpg 1024w, https:\/\/bangtannow.com\/wp-content\/uploads\/2025\/01\/Denny-BANGTAN-NOW-300x300.jpg 300w, https:\/\/bangtannow.com\/wp-content\/uploads\/2025\/01\/Denny-BANGTAN-NOW-150x150.jpg 150w, https:\/\/bangtannow.com\/wp-content\/uploads\/2025\/01\/Denny-BANGTAN-NOW-768x768.jpg 768w, https:\/\/bangtannow.com\/wp-content\/uploads\/2025\/01\/Denny-BANGTAN-NOW.jpg 1080w\" data-sizes=\"(max-width: 1024px) 100vw, 1024px\" src=\"data:image\/svg+xml;base64,PHN2ZyB3aWR0aD0iMSIgaGVpZ2h0PSIxIiB4bWxucz0iaHR0cDovL3d3dy53My5vcmcvMjAwMC9zdmciPjwvc3ZnPg==\" style=\"--smush-placeholder-width: 1024px; --smush-placeholder-aspect-ratio: 1024\/1024;\" \/><\/figure>\n<\/div>\n\n\n\n<div class=\"wp-block-uagb-container uagb-block-72c42b95\">\n<p><strong>Edad:<\/strong> 42 a\u00f1os<br><strong>Signo del zodiaco:<\/strong> Acuario<br><strong>ARMY desde:<\/strong> 2014<br><strong>Utt:<\/strong> Namjoon <em>(con debilidad por los museos)<\/em><br><strong>Line:<\/strong> Unnie Line<\/p>\n\n\n\n<p><strong>Funciones:<\/strong><\/p>\n\n\n\n<ul class=\"wp-block-list\">\n<li>Escritura de textos para el canal y el sitio<\/li>\n\n\n\n<li>Creaci\u00f3n de ilustraciones con IA<\/li>\n\n\n\n<li>Gesti\u00f3n de Instagram<\/li>\n<\/ul>\n<\/div>\n\n\n\n<div class=\"wp-block-uagb-container uagb-block-28c1c066\">\n<p><strong>Curiosidades:<\/strong><\/p>\n\n\n\n<ul class=\"wp-block-list\">\n<li>Ama la m\u00fasica, la lectura y la escritura<\/li>\n\n\n\n<li>Habla con fluidez el sarcasmo y la iron\u00eda \ud83d\ude0f<\/li>\n<\/ul>\n<\/div>\n<\/div><\/div>\n\n\n\n<div class=\"wp-block-uagb-container uagb-block-a7bda4e4 alignfull uagb-is-root-container\"><div class=\"uagb-container-inner-blocks-wrap\">\n<div class=\"wp-block-uagb-container uagb-block-0071d5f6\">\n<figure class=\"wp-block-image size-large\"><img decoding=\"async\" width=\"1024\" height=\"1024\" data-src=\"https:\/\/bangtannow.com\/wp-content\/uploads\/2025\/01\/LELY-BANGTAN-NOW-1024x1024.jpg\" alt=\"LELY BANGTAN NOW\" class=\"wp-image-1957 lazyload\" data-srcset=\"https:\/\/bangtannow.com\/wp-content\/uploads\/2025\/01\/LELY-BANGTAN-NOW-1024x1024.jpg 1024w, https:\/\/bangtannow.com\/wp-content\/uploads\/2025\/01\/LELY-BANGTAN-NOW-300x300.jpg 300w, https:\/\/bangtannow.com\/wp-content\/uploads\/2025\/01\/LELY-BANGTAN-NOW-150x150.jpg 150w, https:\/\/bangtannow.com\/wp-content\/uploads\/2025\/01\/LELY-BANGTAN-NOW-768x768.jpg 768w, https:\/\/bangtannow.com\/wp-content\/uploads\/2025\/01\/LELY-BANGTAN-NOW.jpg 1080w\" data-sizes=\"(max-width: 1024px) 100vw, 1024px\" src=\"data:image\/svg+xml;base64,PHN2ZyB3aWR0aD0iMSIgaGVpZ2h0PSIxIiB4bWxucz0iaHR0cDovL3d3dy53My5vcmcvMjAwMC9zdmciPjwvc3ZnPg==\" style=\"--smush-placeholder-width: 1024px; --smush-placeholder-aspect-ratio: 1024\/1024;\" \/><\/figure>\n<\/div>\n\n\n\n<div class=\"wp-block-uagb-container uagb-block-c05dd696\">\n<p><strong>Edad:<\/strong> 32 a\u00f1os<br><strong>Signo del zodiaco:<\/strong> G\u00e9minis<br><strong>ARMY desde:<\/strong> 2023<br><strong>Utt:<\/strong> SUGA <em>(y fan oficial de las mandarinas)<\/em><br><strong>Line:<\/strong> Unnie Line<\/p>\n\n\n\n<p><strong>Funciones:<\/strong><\/p>\n\n\n\n<ul class=\"wp-block-list\">\n<li>Dise\u00f1o visual de Bangtan Now<\/li>\n\n\n\n<li>Creadora de la secci\u00f3n \u201cMiembro del D\u00eda\u201d <em>(RM, Jin y SUGA)<\/em><\/li>\n<\/ul>\n<\/div>\n\n\n\n<div class=\"wp-block-uagb-container uagb-block-465873c7\">\n<p><strong>Curiosidades:<\/strong><\/p>\n\n\n\n<ul class=\"wp-block-list\">\n<li>Le encanta crear stickers<\/li>\n\n\n\n<li>Un toque de iron\u00eda viene incluido<\/li>\n<\/ul>\n<\/div>\n<\/div><\/div>\n\n\n\n<div class=\"wp-block-uagb-container uagb-block-a26a9609 alignfull uagb-is-root-container\"><div class=\"uagb-container-inner-blocks-wrap\">\n<div class=\"wp-block-uagb-container uagb-block-9ee2eb1f\">\n<figure class=\"wp-block-image size-large\"><img decoding=\"async\" width=\"1024\" height=\"1024\" data-src=\"https:\/\/bangtannow.com\/wp-content\/uploads\/2025\/01\/CAMILA-BANGTAN-NOW-1024x1024.jpg\" alt=\"CAMILA BANGTAN NOW\" class=\"wp-image-1954 lazyload\" data-srcset=\"https:\/\/bangtannow.com\/wp-content\/uploads\/2025\/01\/CAMILA-BANGTAN-NOW-1024x1024.jpg 1024w, https:\/\/bangtannow.com\/wp-content\/uploads\/2025\/01\/CAMILA-BANGTAN-NOW-300x300.jpg 300w, https:\/\/bangtannow.com\/wp-content\/uploads\/2025\/01\/CAMILA-BANGTAN-NOW-150x150.jpg 150w, https:\/\/bangtannow.com\/wp-content\/uploads\/2025\/01\/CAMILA-BANGTAN-NOW-768x768.jpg 768w, https:\/\/bangtannow.com\/wp-content\/uploads\/2025\/01\/CAMILA-BANGTAN-NOW.jpg 1080w\" data-sizes=\"(max-width: 1024px) 100vw, 1024px\" src=\"data:image\/svg+xml;base64,PHN2ZyB3aWR0aD0iMSIgaGVpZ2h0PSIxIiB4bWxucz0iaHR0cDovL3d3dy53My5vcmcvMjAwMC9zdmciPjwvc3ZnPg==\" style=\"--smush-placeholder-width: 1024px; --smush-placeholder-aspect-ratio: 1024\/1024;\" \/><\/figure>\n<\/div>\n\n\n\n<div class=\"wp-block-uagb-container uagb-block-5b42649f\">\n<p><strong>Edad:<\/strong> 39 a\u00f1os<br><strong>Signo del zodiaco:<\/strong> Sagitario<br><strong>ARMY desde:<\/strong> 2024<br><strong>Utt:<\/strong> SUGA <em>(y s\u00ed, tambi\u00e9n ama las mandarinas)<\/em><br><strong>Line:<\/strong> Unnie Line<\/p>\n\n\n\n<p><strong>Funciones:<\/strong><\/p>\n\n\n\n<ul class=\"wp-block-list\">\n<li>Gesti\u00f3n de Instagram<\/li>\n\n\n\n<li>Creaci\u00f3n de playlists en Spotify<\/li>\n\n\n\n<li>Creadora de la secci\u00f3n \u201cDestacado del D\u00eda\u201d<\/li>\n<\/ul>\n<\/div>\n\n\n\n<div class=\"wp-block-uagb-container uagb-block-5fd1628d\">\n<p><strong>Curiosidades:<\/strong><\/p>\n\n\n\n<ul class=\"wp-block-list\">\n<li>Apasionada por <em>Snooze<\/em> y <em>Seesaw<\/em><\/li>\n\n\n\n<li>Amante de los gatos<\/li>\n<\/ul>\n<\/div>\n<\/div><\/div>\n\n\n\n<div class=\"wp-block-uagb-container uagb-block-c7dc658a alignfull uagb-is-root-container\"><div class=\"uagb-container-inner-blocks-wrap\">\n<div class=\"wp-block-uagb-container uagb-block-d7b9d8a9\">\n<figure class=\"wp-block-image size-large\"><img decoding=\"async\" width=\"1024\" height=\"1024\" data-src=\"https:\/\/bangtannow.com\/wp-content\/uploads\/2025\/01\/SAMMY-BANGTAN-NOW-1024x1024.jpg\" alt=\"SAMMY BANGTAN NOW\" class=\"wp-image-1956 lazyload\" data-srcset=\"https:\/\/bangtannow.com\/wp-content\/uploads\/2025\/01\/SAMMY-BANGTAN-NOW-1024x1024.jpg 1024w, https:\/\/bangtannow.com\/wp-content\/uploads\/2025\/01\/SAMMY-BANGTAN-NOW-300x300.jpg 300w, https:\/\/bangtannow.com\/wp-content\/uploads\/2025\/01\/SAMMY-BANGTAN-NOW-150x150.jpg 150w, https:\/\/bangtannow.com\/wp-content\/uploads\/2025\/01\/SAMMY-BANGTAN-NOW-768x768.jpg 768w, https:\/\/bangtannow.com\/wp-content\/uploads\/2025\/01\/SAMMY-BANGTAN-NOW.jpg 1080w\" data-sizes=\"(max-width: 1024px) 100vw, 1024px\" src=\"data:image\/svg+xml;base64,PHN2ZyB3aWR0aD0iMSIgaGVpZ2h0PSIxIiB4bWxucz0iaHR0cDovL3d3dy53My5vcmcvMjAwMC9zdmciPjwvc3ZnPg==\" style=\"--smush-placeholder-width: 1024px; --smush-placeholder-aspect-ratio: 1024\/1024;\" \/><\/figure>\n<\/div>\n\n\n\n<div class=\"wp-block-uagb-container uagb-block-5151d535\">\n<p><strong>Edad:<\/strong> 24 a\u00f1os<br><strong>Signo del zodiaco:<\/strong> Tauro<br><strong>ARMY desde:<\/strong> 2018<br><strong>Utt:<\/strong> OT7 <em>(pero tiene debilidad por JK)<\/em><br><strong>Line:<\/strong> Maknae Line<\/p>\n\n\n\n<p><strong>Funciones:<\/strong><\/p>\n\n\n\n<ul class=\"wp-block-list\">\n<li>Administraci\u00f3n del canal por la tarde y noche<\/li>\n\n\n\n<li>Creadora de la secci\u00f3n \u201cMiembro del D\u00eda\u201d <em>(J-hope, Jimin, V y Jungkook)<\/em><\/li>\n<\/ul>\n<\/div>\n\n\n\n<div class=\"wp-block-uagb-container uagb-block-42e222c6\">\n<p><strong>Curiosidades:<\/strong><\/p>\n\n\n\n<ul class=\"wp-block-list\">\n<li>Humor \u00e1cido y alma de payasa \ud83e\udd21<\/li>\n\n\n\n<li>La maknae de Bangtan Now<\/li>\n<\/ul>\n<\/div>\n<\/div><\/div>\n\n\n\n<div class=\"wp-block-uagb-container uagb-block-fce001d2 alignfull uagb-is-root-container\"><div class=\"uagb-container-inner-blocks-wrap\">\n<div class=\"wp-block-uagb-container uagb-block-bb4a5e01\">\n<figure class=\"wp-block-image size-large\"><img decoding=\"async\" width=\"1024\" height=\"1024\" data-src=\"https:\/\/bangtannow.com\/wp-content\/uploads\/2025\/01\/EMILLY-BANGTAN-NOW-1024x1024.jpg\" alt=\"EMILLY BANGTAN NOW\" class=\"wp-image-1955 lazyload\" data-srcset=\"https:\/\/bangtannow.com\/wp-content\/uploads\/2025\/01\/EMILLY-BANGTAN-NOW-1024x1024.jpg 1024w, https:\/\/bangtannow.com\/wp-content\/uploads\/2025\/01\/EMILLY-BANGTAN-NOW-300x300.jpg 300w, https:\/\/bangtannow.com\/wp-content\/uploads\/2025\/01\/EMILLY-BANGTAN-NOW-150x150.jpg 150w, https:\/\/bangtannow.com\/wp-content\/uploads\/2025\/01\/EMILLY-BANGTAN-NOW-768x768.jpg 768w, https:\/\/bangtannow.com\/wp-content\/uploads\/2025\/01\/EMILLY-BANGTAN-NOW.jpg 1080w\" data-sizes=\"(max-width: 1024px) 100vw, 1024px\" src=\"data:image\/svg+xml;base64,PHN2ZyB3aWR0aD0iMSIgaGVpZ2h0PSIxIiB4bWxucz0iaHR0cDovL3d3dy53My5vcmcvMjAwMC9zdmciPjwvc3ZnPg==\" style=\"--smush-placeholder-width: 1024px; --smush-placeholder-aspect-ratio: 1024\/1024;\" \/><\/figure>\n<\/div>\n\n\n\n<div class=\"wp-block-uagb-container uagb-block-8c2ab4a1\">\n<p><strong>Edad:<\/strong> 27 a\u00f1os<br><strong>Signo del zodiaco:<\/strong> Sagitario<br><strong>ARMY desde:<\/strong> 2024<br><strong>Bias Utt:<\/strong> Sope<br><strong>Line:<\/strong> Maknae Line, 97 Line<\/p>\n\n\n\n<p><strong>Funciones:<\/strong><\/p>\n\n\n\n<ul class=\"wp-block-list\">\n<li>Gesti\u00f3n de premios y votaciones<\/li>\n\n\n\n<li>Administraci\u00f3n del canal por la tarde y noche<\/li>\n<\/ul>\n<\/div>\n\n\n\n<div class=\"wp-block-uagb-container uagb-block-de866787\">\n<p><strong>Curiosidades:<\/strong><\/p>\n\n\n\n<ul class=\"wp-block-list\">\n<li>Vive entre la paciencia y el estr\u00e9s \ud83d\ude05<\/li>\n\n\n\n<li>Ama el anime<\/li>\n<\/ul>\n<\/div>\n<\/div><\/div>\n\n\n\n<div class=\"wp-block-uagb-container uagb-block-87936a3e alignfull uagb-is-root-container\"><div class=\"uagb-container-inner-blocks-wrap\">\n<div class=\"wp-block-uagb-container uagb-block-bb89ff01\">\n<figure class=\"wp-block-image size-large\"><img decoding=\"async\" width=\"1024\" height=\"1024\" data-src=\"https:\/\/bangtannow.com\/wp-content\/uploads\/2025\/02\/HIK-BANGTAN-NOW-1024x1024.jpg\" alt=\"HIK BANGTAN NOW\" class=\"wp-image-3483 lazyload\" data-srcset=\"https:\/\/bangtannow.com\/wp-content\/uploads\/2025\/02\/HIK-BANGTAN-NOW-1024x1024.jpg 1024w, https:\/\/bangtannow.com\/wp-content\/uploads\/2025\/02\/HIK-BANGTAN-NOW-300x300.jpg 300w, https:\/\/bangtannow.com\/wp-content\/uploads\/2025\/02\/HIK-BANGTAN-NOW-150x150.jpg 150w, https:\/\/bangtannow.com\/wp-content\/uploads\/2025\/02\/HIK-BANGTAN-NOW-768x768.jpg 768w, https:\/\/bangtannow.com\/wp-content\/uploads\/2025\/02\/HIK-BANGTAN-NOW.jpg 1080w\" data-sizes=\"(max-width: 1024px) 100vw, 1024px\" src=\"data:image\/svg+xml;base64,PHN2ZyB3aWR0aD0iMSIgaGVpZ2h0PSIxIiB4bWxucz0iaHR0cDovL3d3dy53My5vcmcvMjAwMC9zdmciPjwvc3ZnPg==\" style=\"--smush-placeholder-width: 1024px; --smush-placeholder-aspect-ratio: 1024\/1024;\" \/><\/figure>\n<\/div>\n\n\n\n<div class=\"wp-block-uagb-container uagb-block-42bc3cae\">\n<p><strong>Edad:<\/strong> 54 a\u00f1os<br><strong>Signo del zodiaco:<\/strong> Leo<br><strong>ARMY desde:<\/strong> 2023<br><strong>Bias Utt:<\/strong> Rap Line<br><strong>Line:<\/strong> Hyung Line<\/p>\n\n\n\n<p><strong>Funciones:<\/strong><\/p>\n\n\n\n<ul class=\"wp-block-list\">\n<li>Moderador del Chat de BN<\/li>\n\n\n\n<li>Gesti\u00f3n de Instagram<\/li>\n<\/ul>\n<\/div>\n\n\n\n<div class=\"wp-block-uagb-container uagb-block-704af3e5\">\n<p><strong>Curiosidades:<\/strong><\/p>\n\n\n\n<ul class=\"wp-block-list\">\n<li>Juega videojuegos en su tiempo libre \ud83c\udfae<\/li>\n\n\n\n<li>Ama bailar y cantar<\/li>\n\n\n\n<li><em>Black Swan<\/em> = Obra maestra<\/li>\n<\/ul>\n<\/div>\n<\/div><\/div>\n\n\n\n<p><strong>Juntos, usamos nuestras pasiones y talentos para crear Bangtan Now \u2013 un espacio hecho por ARMYs, para ARMYs. \ud83d\udc9c<\/strong><\/p>\n\n\n\n<blockquote class=\"wp-block-quote is-layout-flow wp-block-quote-is-layout-flow\">\n<p><em>BTS is SEVEN, and Suga stays!<\/em><\/p>\n<\/blockquote>\n","protected":false},"excerpt":{"rendered":"<p>Sobre Nosotros Conoce al Equipo de Bangtan Now \ud83d\udc9c \u2013 Versi\u00f3n 2025! Si hay algo que une a este equipo, [&hellip;]<\/p>\n","protected":false},"author":1,"featured_media":5452,"parent":0,"menu_order":0,"comment_status":"closed","ping_status":"closed","template":"","meta":{"_uag_custom_page_level_css":"","site-sidebar-layout":"default","site-content-layout":"","ast-site-content-layout":"default","site-content-style":"default","site-sidebar-style":"default","ast-global-header-display":"","ast-banner-title-visibility":"","ast-main-header-display":"","ast-hfb-above-header-display":"","ast-hfb-below-header-display":"","ast-hfb-mobile-header-display":"","site-post-title":"","ast-breadcrumbs-content":"","ast-featured-img":"","footer-sml-layout":"","theme-transparent-header-meta":"","adv-header-id-meta":"","stick-header-meta":"","header-above-stick-meta":"","header-main-stick-meta":"","header-below-stick-meta":"","astra-migrate-meta-layouts":"set","ast-page-background-enabled":"default","ast-page-background-meta":{"desktop":{"background-color":"","background-image":"","background-repeat":"repeat","background-position":"center center","background-size":"auto","background-attachment":"scroll","background-type":"","background-media":"","overlay-type":"","overlay-color":"","overlay-opacity":"","overlay-gradient":""},"tablet":{"background-color":"","background-image":"","background-repeat":"repeat","background-position":"center center","background-size":"auto","background-attachment":"scroll","background-type":"","background-media":"","overlay-type":"","overlay-color":"","overlay-opacity":"","overlay-gradient":""},"mobile":{"background-color":"","background-image":"","background-repeat":"repeat","background-position":"center center","background-size":"auto","background-attachment":"scroll","background-type":"","background-media":"","overlay-type":"","overlay-color":"","overlay-opacity":"","overlay-gradient":""}},"ast-content-background-meta":{"desktop":{"background-color":"var(--ast-global-color-5)","background-image":"","background-repeat":"repeat","background-position":"center center","background-size":"auto","background-attachment":"scroll","background-type":"","background-media":"","overlay-type":"","overlay-color":"","overlay-opacity":"","overlay-gradient":""},"tablet":{"background-color":"var(--ast-global-color-5)","background-image":"","background-repeat":"repeat","background-position":"center center","background-size":"auto","background-attachment":"scroll","background-type":"","background-media":"","overlay-type":"","overlay-color":"","overlay-opacity":"","overlay-gradient":""},"mobile":{"background-color":"var(--ast-global-color-5)","background-image":"","background-repeat":"repeat","background-position":"center center","background-size":"auto","background-attachment":"scroll","background-type":"","background-media":"","overlay-type":"","overlay-color":"","overlay-opacity":"","overlay-gradient":""}},"footnotes":""},"class_list":["post-6148","page","type-page","status-publish","has-post-thumbnail","hentry"],"uagb_featured_image_src":{"full":["https:\/\/bangtannow.com\/wp-content\/uploads\/2025\/01\/SOBRE-NOS-BANGTAN-NOW.jpg",1400,788,false],"thumbnail":["https:\/\/bangtannow.com\/wp-content\/uploads\/2025\/01\/SOBRE-NOS-BANGTAN-NOW-150x150.jpg",150,150,true],"medium":["https:\/\/bangtannow.com\/wp-content\/uploads\/2025\/01\/SOBRE-NOS-BANGTAN-NOW-300x169.jpg",300,169,true],"medium_large":["https:\/\/bangtannow.com\/wp-content\/uploads\/2025\/01\/SOBRE-NOS-BANGTAN-NOW-768x432.jpg",768,432,true],"large":["https:\/\/bangtannow.com\/wp-content\/uploads\/2025\/01\/SOBRE-NOS-BANGTAN-NOW-1024x576.jpg",1024,576,true],"1536x1536":["https:\/\/bangtannow.com\/wp-content\/uploads\/2025\/01\/SOBRE-NOS-BANGTAN-NOW.jpg",1400,788,false],"2048x2048":["https:\/\/bangtannow.com\/wp-content\/uploads\/2025\/01\/SOBRE-NOS-BANGTAN-NOW.jpg",1400,788,false]},"uagb_author_info":{"display_name":"Vic Passini","author_link":"https:\/\/bangtannow.com\/es\/author\/vicksjrpgmail-com\/"},"uagb_comment_info":0,"uagb_excerpt":"Sobre Nosotros Conoce al Equipo de Bangtan Now \ud83d\udc9c \u2013 Versi\u00f3n 2025! Si hay algo que une a este equipo, [&hellip;]","_links":{"self":[{"href":"https:\/\/bangtannow.com\/es\/wp-json\/wp\/v2\/pages\/6148","targetHints":{"allow":["GET"]}}],"collection":[{"href":"https:\/\/bangtannow.com\/es\/wp-json\/wp\/v2\/pages"}],"about":[{"href":"https:\/\/bangtannow.com\/es\/wp-json\/wp\/v2\/types\/page"}],"author":[{"embeddable":true,"href":"https:\/\/bangtannow.com\/es\/wp-json\/wp\/v2\/users\/1"}],"replies":[{"embeddable":true,"href":"https:\/\/bangtannow.com\/es\/wp-json\/wp\/v2\/comments?post=6148"}],"version-history":[{"count":14,"href":"https:\/\/bangtannow.com\/es\/wp-json\/wp\/v2\/pages\/6148\/revisions"}],"predecessor-version":[{"id":6186,"href":"https:\/\/bangtannow.com\/es\/wp-json\/wp\/v2\/pages\/6148\/revisions\/6186"}],"wp:featuredmedia":[{"embeddable":true,"href":"https:\/\/bangtannow.com\/es\/wp-json\/wp\/v2\/media\/5452"}],"wp:attachment":[{"href":"https:\/\/bangtannow.com\/es\/wp-json\/wp\/v2\/media?parent=6148"}],"curies":[{"name":"wp","href":"https:\/\/api.w.org\/{rel}","templated":true}]}}